{"id":7693,"date":"2019-05-31T14:07:51","date_gmt":"2019-05-31T12:07:51","guid":{"rendered":"http:\/\/www.burobradwolff.nl\/?post_type=product&#038;p=7693"},"modified":"2019-07-13T01:06:47","modified_gmt":"2019-07-12T23:06:47","slug":"malgorzata-stankiewicz","status":"publish","type":"product","link":"https:\/\/www.burobradwolff.nl\/en\/product\/malgorzata-stankiewicz\/","title":{"rendered":"malgorzata stankiewicz: cry of an echo"},"content":{"rendered":"<div class=\"gmail_default\">\n<div>On 25 March 2016, Polish Minister of Environment approved an extensive logging of the primeval forest of Bia\u0142owie\u017ca. This was done under the pretence of its protection. Shortly after, Ma\u0142gorzata\u00a0Stankiewicz travelled to the forest to try to capture its\u00a0unique\u00a0character and express her emotions about this impending devastation.\u00a0Through her own interpretation of the forest\u2019s landscapes, she compiled a book that is a complaint against the human destruction of nature. Ma\u0142gorzata Stankiewicz is a Polish photographer living in Switzerland.<\/div>\n<\/div>\n<div><\/div>\n<div><\/div>\n<div>This is the winning book at Unseen Dummy Award 2017<\/div>\n<div><\/div>\n<div><\/div>\n","protected":false},"excerpt":{"rendered":"<p><span lang=\"EN-US\">format: 23 x 30 cm<br \/>\n96 <\/span><span lang=\"EN-US\">pages<br \/>\n2018<\/span><span lang=\"EN-US\">, lecturis<\/span><\/p>\n","protected":false},"featured_media":5572,"template":"","meta":[],"product_brand":[],"product_cat":[65],"product_tag":[],"class_list":{"0":"post-7693","1":"product","2":"type-product","3":"status-publish","4":"has-post-thumbnail","6":"product_cat-geen-categorie","7":"entry","9":"first","10":"instock","11":"shipping-taxable","12":"purchasable","13":"product-type-simple"},"_links":{"self":[{"href":"https:\/\/www.burobradwolff.nl\/en\/wp-json\/wp\/v2\/product\/7693","targetHints":{"allow":["GET"]}}],"collection":[{"href":"https:\/\/www.burobradwolff.nl\/en\/wp-json\/wp\/v2\/product"}],"about":[{"href":"https:\/\/www.burobradwolff.nl\/en\/wp-json\/wp\/v2\/types\/product"}],"wp:featuredmedia":[{"embeddable":true,"href":"https:\/\/www.burobradwolff.nl\/en\/wp-json\/wp\/v2\/media\/5572"}],"wp:attachment":[{"href":"https:\/\/www.burobradwolff.nl\/en\/wp-json\/wp\/v2\/media?parent=7693"}],"wp:term":[{"taxonomy":"product_brand","embeddable":true,"href":"https:\/\/www.burobradwolff.nl\/en\/wp-json\/wp\/v2\/product_brand?post=7693"},{"taxonomy":"product_cat","embeddable":true,"href":"https:\/\/www.burobradwolff.nl\/en\/wp-json\/wp\/v2\/product_cat?post=7693"},{"taxonomy":"product_tag","embeddable":true,"href":"https:\/\/www.burobradwolff.nl\/en\/wp-json\/wp\/v2\/product_tag?post=7693"}],"curies":[{"name":"wp","href":"https:\/\/api.w.org\/{rel}","templated":true}]}}